{"id":33,"date":"2022-05-09T10:34:26","date_gmt":"2022-05-09T08:34:26","guid":{"rendered":"http:\/\/ocrtrcl.cluster031.hosting.ovh.net\/?page_id=33"},"modified":"2022-06-08T17:12:08","modified_gmt":"2022-06-08T15:12:08","slug":"presentation","status":"publish","type":"page","link":"https:\/\/www.loisirsetsensations.fr\/index.php\/presentation\/","title":{"rendered":"Pr\u00e9sentation"},"content":{"rendered":"\t\t<div data-elementor-type=\"wp-page\" data-elementor-id=\"33\" class=\"elementor elementor-33\" data-elementor-settings=\"{&quot;ha_cmc_init_switcher&quot;:&quot;no&quot;}\">\n\t\t\t\t\t\t<section class=\"elementor-section elementor-top-section elementor-element elementor-element-2a960d0e elementor-section-full_width elementor-section-content-middle elementor-section-stretched elementor-section-height-default elementor-section-height-default\" data-id=\"2a960d0e\" data-element_type=\"section\" data-e-type=\"section\" data-settings=\"{&quot;stretch_section&quot;:&quot;section-stretched&quot;,&quot;_ha_eqh_enable&quot;:false}\">\n\t\t\t\t\t\t<div class=\"elementor-container elementor-column-gap-default\">\n\t\t\t\t\t<div class=\"elementor-column elementor-col-100 elementor-top-column elementor-element elementor-element-6e8e811e\" data-id=\"6e8e811e\" data-element_type=\"column\" data-e-type=\"column\">\n\t\t\t<div class=\"elementor-widget-wrap\">\n\t\t\t\t\t\t\t<\/div>\n\t\t<\/div>\n\t\t\t\t\t<\/div>\n\t\t<\/section>\n\t\t\t\t<section class=\"elementor-section elementor-top-section elementor-element elementor-element-7e650acb elementor-section-height-min-height elementor-section-boxed elementor-section-height-default elementor-section-items-middle\" data-id=\"7e650acb\" data-element_type=\"section\" data-e-type=\"section\" data-settings=\"{&quot;background_background&quot;:&quot;classic&quot;,&quot;_ha_eqh_enable&quot;:false}\">\n\t\t\t\t\t\t\t<div class=\"elementor-background-overlay\"><\/div>\n\t\t\t\t\t\t\t<div class=\"elementor-container elementor-column-gap-default\">\n\t\t\t\t\t<div class=\"elementor-column elementor-col-100 elementor-top-column elementor-element elementor-element-1f2ab966\" data-id=\"1f2ab966\" data-element_type=\"column\" data-e-type=\"column\">\n\t\t\t<div class=\"elementor-widget-wrap elementor-element-populated\">\n\t\t\t\t\t\t<div class=\"elementor-element elementor-element-67ecbbc4 elementor-widget elementor-widget-image\" data-id=\"67ecbbc4\" data-element_type=\"widget\" data-e-type=\"widget\" data-widget_type=\"image.default\">\n\t\t\t\t<div class=\"elementor-widget-container\">\n\t\t\t\t\t\t\t\t\t\t\t\t\t\t\t<img decoding=\"async\" width=\"400\" height=\"84\" src=\"https:\/\/www.loisirsetsensations.fr\/wp-content\/uploads\/2022\/05\/pre\u0301sentation_Plan-de-travail-1-copie-8.png\" class=\"attachment-large size-large wp-image-619\" alt=\"\" srcset=\"https:\/\/www.loisirsetsensations.fr\/wp-content\/uploads\/2022\/05\/pre\u0301sentation_Plan-de-travail-1-copie-8.png 400w, https:\/\/www.loisirsetsensations.fr\/wp-content\/uploads\/2022\/05\/pre\u0301sentation_Plan-de-travail-1-copie-8-300x63.png 300w\" sizes=\"(max-width: 400px) 100vw, 400px\" \/>\t\t\t\t\t\t\t\t\t\t\t\t\t\t\t<\/div>\n\t\t\t\t<\/div>\n\t\t\t\t\t<\/div>\n\t\t<\/div>\n\t\t\t\t\t<\/div>\n\t\t<\/section>\n\t\t\t\t<section class=\"elementor-section elementor-top-section elementor-element elementor-element-58331e3f elementor-section-full_width elementor-section-stretched elementor-section-height-default elementor-section-height-default\" data-id=\"58331e3f\" data-element_type=\"section\" data-e-type=\"section\" data-settings=\"{&quot;stretch_section&quot;:&quot;section-stretched&quot;,&quot;_ha_eqh_enable&quot;:false}\">\n\t\t\t\t\t\t<div class=\"elementor-container elementor-column-gap-default\">\n\t\t\t\t\t<div class=\"elementor-column elementor-col-50 elementor-top-column elementor-element elementor-element-0758974\" data-id=\"0758974\" data-element_type=\"column\" data-e-type=\"column\">\n\t\t\t<div class=\"elementor-widget-wrap elementor-element-populated\">\n\t\t\t\t\t\t<div class=\"elementor-element elementor-element-2d903b2 elementor-widget elementor-widget-video\" data-id=\"2d903b2\" data-element_type=\"widget\" data-e-type=\"widget\" data-settings=\"{&quot;video_type&quot;:&quot;hosted&quot;,&quot;autoplay&quot;:&quot;yes&quot;,&quot;mute&quot;:&quot;yes&quot;,&quot;loop&quot;:&quot;yes&quot;,&quot;controls&quot;:&quot;yes&quot;}\" data-widget_type=\"video.default\">\n\t\t\t\t<div class=\"elementor-widget-container\">\n\t\t\t\t\t\t\t<div class=\"e-hosted-video elementor-wrapper elementor-open-inline\">\n\t\t\t\t\t<video class=\"elementor-video\" src=\"https:\/\/www.loisirsetsensations.fr\/wp-content\/uploads\/2022\/06\/10000000_150208037460638_7138808646167521968_n.mp4\" autoplay=\"\" loop=\"\" controls=\"\" muted=\"muted\" controlsList=\"nodownload\"><\/video>\n\t\t\t\t<\/div>\n\t\t\t\t\t\t<\/div>\n\t\t\t\t<\/div>\n\t\t\t\t\t<\/div>\n\t\t<\/div>\n\t\t\t\t<div class=\"elementor-column elementor-col-50 elementor-top-column elementor-element elementor-element-763aedf7\" data-id=\"763aedf7\" data-element_type=\"column\" data-e-type=\"column\">\n\t\t\t<div class=\"elementor-widget-wrap elementor-element-populated\">\n\t\t\t\t\t\t<div class=\"elementor-element elementor-element-7da586f elementor-hidden-desktop elementor-widget elementor-widget-image\" data-id=\"7da586f\" data-element_type=\"widget\" data-e-type=\"widget\" data-widget_type=\"image.default\">\n\t\t\t\t<div class=\"elementor-widget-container\">\n\t\t\t\t\t\t\t\t\t\t\t\t\t\t\t<img fetchpriority=\"high\" decoding=\"async\" width=\"800\" height=\"304\" src=\"https:\/\/www.loisirsetsensations.fr\/wp-content\/uploads\/2022\/05\/la-base-2-1024x389.jpg\" class=\"attachment-large size-large wp-image-618\" alt=\"\" srcset=\"https:\/\/www.loisirsetsensations.fr\/wp-content\/uploads\/2022\/05\/la-base-2-1024x389.jpg 1024w, https:\/\/www.loisirsetsensations.fr\/wp-content\/uploads\/2022\/05\/la-base-2-300x114.jpg 300w, https:\/\/www.loisirsetsensations.fr\/wp-content\/uploads\/2022\/05\/la-base-2-768x292.jpg 768w, https:\/\/www.loisirsetsensations.fr\/wp-content\/uploads\/2022\/05\/la-base-2-1536x584.jpg 1536w, https:\/\/www.loisirsetsensations.fr\/wp-content\/uploads\/2022\/05\/la-base-2.jpg 1916w\" sizes=\"(max-width: 800px) 100vw, 800px\" \/>\t\t\t\t\t\t\t\t\t\t\t\t\t\t\t<\/div>\n\t\t\t\t<\/div>\n\t\t\t\t<div class=\"elementor-element elementor-element-288cb3e0 elementor-widget elementor-widget-heading\" data-id=\"288cb3e0\" data-element_type=\"widget\" data-e-type=\"widget\" data-widget_type=\"heading.default\">\n\t\t\t\t<div class=\"elementor-widget-container\">\n\t\t\t\t\t<h2 class=\"elementor-heading-title elementor-size-default\">BIENVENUE CHEZ<br>LOISIRS &amp; SENSATIONS !<\/h2>\t\t\t\t<\/div>\n\t\t\t\t<\/div>\n\t\t\t\t<div class=\"elementor-element elementor-element-558e1577 elementor-widget elementor-widget-text-editor\" data-id=\"558e1577\" data-element_type=\"widget\" data-e-type=\"widget\" data-widget_type=\"text-editor.default\">\n\t\t\t\t<div class=\"elementor-widget-container\">\n\t\t\t\t\t\t\t\t\t<p><span class=\"edgtf-section-subtitle \">Loisirs &amp; Sensations \/\/ Lac Parentis Biscarosse<\/span><\/p>\t\t\t\t\t\t\t\t<\/div>\n\t\t\t\t<\/div>\n\t\t\t\t<div class=\"elementor-element elementor-element-3ceec176 elementor-widget elementor-widget-text-editor\" data-id=\"3ceec176\" data-element_type=\"widget\" data-e-type=\"widget\" data-widget_type=\"text-editor.default\">\n\t\t\t\t<div class=\"elementor-widget-container\">\n\t\t\t\t\t\t\t\t\t<div class=\"wpb_text_column wpb_content_element \">\n<div class=\"wpb_wrapper\">\n<p><span class=\"corps-texte-noir-10\"><strong>Des sensations garanties pour tous publics !<\/strong><br>La base nautiques LOISIRS AND SENSATIONS est situ\u00e9e route des Campings \u00e0 Parentis en Born au bord du lac. Elle vous offre un cadre unique pour les activit\u00e9s nautiques. Engins tract\u00e9s (\u00e0 partir de 3 ans), bou\u00e9e fly fish , XO Xtrem, canap\u00e9, mais aussi ski nautique, wakeboard, wakesurf , foil, mono ski \u2026<\/span><\/p>\n<p>Le lac de Parentis Biscarosse est le lieu id\u00e9al pour les activit\u00e9s nautique en famille.<\/p>\n<p>De nombreux camping de standing situer \u00e0 seulement quelques m\u00e8tres de la base nautique pourrons vous accueillir pour vos vacances. Le cadre est idyllique et tr\u00e8s s\u00e9curisant pour les enfants.<\/p>\n<\/div>\n<\/div>\t\t\t\t\t\t\t\t<\/div>\n\t\t\t\t<\/div>\n\t\t\t\t<div class=\"elementor-element elementor-element-798f89b3 elementor-mobile-align-center elementor-widget elementor-widget-button\" data-id=\"798f89b3\" data-element_type=\"widget\" data-e-type=\"widget\" data-widget_type=\"button.default\">\n\t\t\t\t<div class=\"elementor-widget-container\">\n\t\t\t\t\t\t\t\t\t<div class=\"elementor-button-wrapper\">\n\t\t\t\t\t<a class=\"elementor-button elementor-button-link elementor-size-sm\" href=\"https:\/\/www.loisirsetsensations.fr\/index.php\/contact\/\">\n\t\t\t\t\t\t<span class=\"elementor-button-content-wrapper\">\n\t\t\t\t\t\t\t\t\t<span class=\"elementor-button-text\">Contactez-nous !<\/span>\n\t\t\t\t\t<\/span>\n\t\t\t\t\t<\/a>\n\t\t\t\t<\/div>\n\t\t\t\t\t\t\t\t<\/div>\n\t\t\t\t<\/div>\n\t\t\t\t\t<\/div>\n\t\t<\/div>\n\t\t\t\t\t<\/div>\n\t\t<\/section>\n\t\t\t\t<\/div>\n\t\t","protected":false},"excerpt":{"rendered":"<p>http:\/\/ocrtrcl.cluster031.hosting.ovh.net\/wp-content\/uploads\/2022\/06\/10000000_150208037460638_7138808646167521968_n.mp4 BIENVENUE CHEZLOISIRS &amp; SENSATIONS ! Loisirs &amp; Sensations \/\/ Lac Parentis Biscarosse Des sensations garanties pour tous publics !La base nautiques LOISIRS AND SENSATIONS est situ\u00e9e route des Campings \u00e0 Parentis en Born au bord du lac. Elle vous offre un cadre unique pour les activit\u00e9s nautiques. Engins tract\u00e9s (\u00e0 partir de 3 ans), [&hellip;]<\/p>\n","protected":false},"author":3,"featured_media":0,"parent":0,"menu_order":0,"comment_status":"closed","ping_status":"closed","template":"","meta":{"footnotes":""},"class_list":["post-33","page","type-page","status-publish","hentry"],"yoast_head":"<!-- This site is optimized with the Yoast SEO plugin v27.4 - https:\/\/yoast.com\/product\/yoast-seo-wordpress\/ -->\n<title>Pr\u00e9sentation - Loisirs et Sensations<\/title>\n<meta name=\"robots\" content=\"index, follow, max-snippet:-1, max-image-preview:large, max-video-preview:-1\" \/>\n<link rel=\"canonical\" href=\"https:\/\/www.loisirsetsensations.fr\/index.php\/presentation\/\" \/>\n<meta property=\"og:locale\" content=\"fr_FR\" \/>\n<meta property=\"og:type\" content=\"article\" \/>\n<meta property=\"og:title\" content=\"Pr\u00e9sentation - Loisirs et Sensations\" \/>\n<meta property=\"og:description\" content=\"http:\/\/ocrtrcl.cluster031.hosting.ovh.net\/wp-content\/uploads\/2022\/06\/10000000_150208037460638_7138808646167521968_n.mp4 BIENVENUE CHEZLOISIRS &amp; SENSATIONS ! Loisirs &amp; Sensations \/\/ Lac Parentis Biscarosse Des sensations garanties pour tous publics !La base nautiques LOISIRS AND SENSATIONS est situ\u00e9e route des Campings \u00e0 Parentis en Born au bord du lac. Elle vous offre un cadre unique pour les activit\u00e9s nautiques. Engins tract\u00e9s (\u00e0 partir de 3 ans), [&hellip;]\" \/>\n<meta property=\"og:url\" content=\"https:\/\/www.loisirsetsensations.fr\/index.php\/presentation\/\" \/>\n<meta property=\"og:site_name\" content=\"Loisirs et Sensations\" \/>\n<meta property=\"article:publisher\" content=\"https:\/\/fr-fr.facebook.com\/loisirsandsensations\" \/>\n<meta property=\"article:modified_time\" content=\"2022-06-08T15:12:08+00:00\" \/>\n<meta property=\"og:image\" content=\"http:\/\/ocrtrcl.cluster031.hosting.ovh.net\/wp-content\/uploads\/2022\/05\/la-base-2-1024x389.jpg\" \/>\n<meta name=\"twitter:card\" content=\"summary_large_image\" \/>\n<meta name=\"twitter:label1\" content=\"Dur\u00e9e de lecture estim\u00e9e\" \/>\n\t<meta name=\"twitter:data1\" content=\"1 minute\" \/>\n<script type=\"application\/ld+json\" class=\"yoast-schema-graph\">{\"@context\":\"https:\\\/\\\/schema.org\",\"@graph\":[{\"@type\":\"WebPage\",\"@id\":\"https:\\\/\\\/www.loisirsetsensations.fr\\\/index.php\\\/presentation\\\/\",\"url\":\"https:\\\/\\\/www.loisirsetsensations.fr\\\/index.php\\\/presentation\\\/\",\"name\":\"Pr\u00e9sentation - Loisirs et Sensations\",\"isPartOf\":{\"@id\":\"https:\\\/\\\/www.loisirsetsensations.fr\\\/#website\"},\"primaryImageOfPage\":{\"@id\":\"https:\\\/\\\/www.loisirsetsensations.fr\\\/index.php\\\/presentation\\\/#primaryimage\"},\"image\":{\"@id\":\"https:\\\/\\\/www.loisirsetsensations.fr\\\/index.php\\\/presentation\\\/#primaryimage\"},\"thumbnailUrl\":\"http:\\\/\\\/ocrtrcl.cluster031.hosting.ovh.net\\\/wp-content\\\/uploads\\\/2022\\\/05\\\/la-base-2-1024x389.jpg\",\"datePublished\":\"2022-05-09T08:34:26+00:00\",\"dateModified\":\"2022-06-08T15:12:08+00:00\",\"breadcrumb\":{\"@id\":\"https:\\\/\\\/www.loisirsetsensations.fr\\\/index.php\\\/presentation\\\/#breadcrumb\"},\"inLanguage\":\"fr-FR\",\"potentialAction\":[{\"@type\":\"ReadAction\",\"target\":[\"https:\\\/\\\/www.loisirsetsensations.fr\\\/index.php\\\/presentation\\\/\"]}]},{\"@type\":\"ImageObject\",\"inLanguage\":\"fr-FR\",\"@id\":\"https:\\\/\\\/www.loisirsetsensations.fr\\\/index.php\\\/presentation\\\/#primaryimage\",\"url\":\"http:\\\/\\\/ocrtrcl.cluster031.hosting.ovh.net\\\/wp-content\\\/uploads\\\/2022\\\/05\\\/la-base-2-1024x389.jpg\",\"contentUrl\":\"http:\\\/\\\/ocrtrcl.cluster031.hosting.ovh.net\\\/wp-content\\\/uploads\\\/2022\\\/05\\\/la-base-2-1024x389.jpg\"},{\"@type\":\"BreadcrumbList\",\"@id\":\"https:\\\/\\\/www.loisirsetsensations.fr\\\/index.php\\\/presentation\\\/#breadcrumb\",\"itemListElement\":[{\"@type\":\"ListItem\",\"position\":1,\"name\":\"Accueil\",\"item\":\"https:\\\/\\\/www.loisirsetsensations.fr\\\/\"},{\"@type\":\"ListItem\",\"position\":2,\"name\":\"Pr\u00e9sentation\"}]},{\"@type\":\"WebSite\",\"@id\":\"https:\\\/\\\/www.loisirsetsensations.fr\\\/#website\",\"url\":\"https:\\\/\\\/www.loisirsetsensations.fr\\\/\",\"name\":\"Loisirs et Sensations\",\"description\":\"\",\"publisher\":{\"@id\":\"https:\\\/\\\/www.loisirsetsensations.fr\\\/#organization\"},\"potentialAction\":[{\"@type\":\"SearchAction\",\"target\":{\"@type\":\"EntryPoint\",\"urlTemplate\":\"https:\\\/\\\/www.loisirsetsensations.fr\\\/?s={search_term_string}\"},\"query-input\":{\"@type\":\"PropertyValueSpecification\",\"valueRequired\":true,\"valueName\":\"search_term_string\"}}],\"inLanguage\":\"fr-FR\"},{\"@type\":\"Organization\",\"@id\":\"https:\\\/\\\/www.loisirsetsensations.fr\\\/#organization\",\"name\":\"Loisirs et sensations\",\"url\":\"https:\\\/\\\/www.loisirsetsensations.fr\\\/\",\"logo\":{\"@type\":\"ImageObject\",\"inLanguage\":\"fr-FR\",\"@id\":\"https:\\\/\\\/www.loisirsetsensations.fr\\\/#\\\/schema\\\/logo\\\/image\\\/\",\"url\":\"https:\\\/\\\/www.loisirsetsensations.fr\\\/wp-content\\\/uploads\\\/2022\\\/06\\\/LOGO-LONG_Plan-de-travail-1.png\",\"contentUrl\":\"https:\\\/\\\/www.loisirsetsensations.fr\\\/wp-content\\\/uploads\\\/2022\\\/06\\\/LOGO-LONG_Plan-de-travail-1.png\",\"width\":1241,\"height\":238,\"caption\":\"Loisirs et sensations\"},\"image\":{\"@id\":\"https:\\\/\\\/www.loisirsetsensations.fr\\\/#\\\/schema\\\/logo\\\/image\\\/\"},\"sameAs\":[\"https:\\\/\\\/fr-fr.facebook.com\\\/loisirsandsensations\"]}]}<\/script>\n<!-- \/ Yoast SEO plugin. -->","yoast_head_json":{"title":"Pr\u00e9sentation - Loisirs et Sensations","robots":{"index":"index","follow":"follow","max-snippet":"max-snippet:-1","max-image-preview":"max-image-preview:large","max-video-preview":"max-video-preview:-1"},"canonical":"https:\/\/www.loisirsetsensations.fr\/index.php\/presentation\/","og_locale":"fr_FR","og_type":"article","og_title":"Pr\u00e9sentation - Loisirs et Sensations","og_description":"http:\/\/ocrtrcl.cluster031.hosting.ovh.net\/wp-content\/uploads\/2022\/06\/10000000_150208037460638_7138808646167521968_n.mp4 BIENVENUE CHEZLOISIRS &amp; SENSATIONS ! Loisirs &amp; Sensations \/\/ Lac Parentis Biscarosse Des sensations garanties pour tous publics !La base nautiques LOISIRS AND SENSATIONS est situ\u00e9e route des Campings \u00e0 Parentis en Born au bord du lac. Elle vous offre un cadre unique pour les activit\u00e9s nautiques. Engins tract\u00e9s (\u00e0 partir de 3 ans), [&hellip;]","og_url":"https:\/\/www.loisirsetsensations.fr\/index.php\/presentation\/","og_site_name":"Loisirs et Sensations","article_publisher":"https:\/\/fr-fr.facebook.com\/loisirsandsensations","article_modified_time":"2022-06-08T15:12:08+00:00","og_image":[{"url":"http:\/\/ocrtrcl.cluster031.hosting.ovh.net\/wp-content\/uploads\/2022\/05\/la-base-2-1024x389.jpg","type":"","width":"","height":""}],"twitter_card":"summary_large_image","twitter_misc":{"Dur\u00e9e de lecture estim\u00e9e":"1 minute"},"schema":{"@context":"https:\/\/schema.org","@graph":[{"@type":"WebPage","@id":"https:\/\/www.loisirsetsensations.fr\/index.php\/presentation\/","url":"https:\/\/www.loisirsetsensations.fr\/index.php\/presentation\/","name":"Pr\u00e9sentation - Loisirs et Sensations","isPartOf":{"@id":"https:\/\/www.loisirsetsensations.fr\/#website"},"primaryImageOfPage":{"@id":"https:\/\/www.loisirsetsensations.fr\/index.php\/presentation\/#primaryimage"},"image":{"@id":"https:\/\/www.loisirsetsensations.fr\/index.php\/presentation\/#primaryimage"},"thumbnailUrl":"http:\/\/ocrtrcl.cluster031.hosting.ovh.net\/wp-content\/uploads\/2022\/05\/la-base-2-1024x389.jpg","datePublished":"2022-05-09T08:34:26+00:00","dateModified":"2022-06-08T15:12:08+00:00","breadcrumb":{"@id":"https:\/\/www.loisirsetsensations.fr\/index.php\/presentation\/#breadcrumb"},"inLanguage":"fr-FR","potentialAction":[{"@type":"ReadAction","target":["https:\/\/www.loisirsetsensations.fr\/index.php\/presentation\/"]}]},{"@type":"ImageObject","inLanguage":"fr-FR","@id":"https:\/\/www.loisirsetsensations.fr\/index.php\/presentation\/#primaryimage","url":"http:\/\/ocrtrcl.cluster031.hosting.ovh.net\/wp-content\/uploads\/2022\/05\/la-base-2-1024x389.jpg","contentUrl":"http:\/\/ocrtrcl.cluster031.hosting.ovh.net\/wp-content\/uploads\/2022\/05\/la-base-2-1024x389.jpg"},{"@type":"BreadcrumbList","@id":"https:\/\/www.loisirsetsensations.fr\/index.php\/presentation\/#breadcrumb","itemListElement":[{"@type":"ListItem","position":1,"name":"Accueil","item":"https:\/\/www.loisirsetsensations.fr\/"},{"@type":"ListItem","position":2,"name":"Pr\u00e9sentation"}]},{"@type":"WebSite","@id":"https:\/\/www.loisirsetsensations.fr\/#website","url":"https:\/\/www.loisirsetsensations.fr\/","name":"Loisirs et Sensations","description":"","publisher":{"@id":"https:\/\/www.loisirsetsensations.fr\/#organization"},"potentialAction":[{"@type":"SearchAction","target":{"@type":"EntryPoint","urlTemplate":"https:\/\/www.loisirsetsensations.fr\/?s={search_term_string}"},"query-input":{"@type":"PropertyValueSpecification","valueRequired":true,"valueName":"search_term_string"}}],"inLanguage":"fr-FR"},{"@type":"Organization","@id":"https:\/\/www.loisirsetsensations.fr\/#organization","name":"Loisirs et sensations","url":"https:\/\/www.loisirsetsensations.fr\/","logo":{"@type":"ImageObject","inLanguage":"fr-FR","@id":"https:\/\/www.loisirsetsensations.fr\/#\/schema\/logo\/image\/","url":"https:\/\/www.loisirsetsensations.fr\/wp-content\/uploads\/2022\/06\/LOGO-LONG_Plan-de-travail-1.png","contentUrl":"https:\/\/www.loisirsetsensations.fr\/wp-content\/uploads\/2022\/06\/LOGO-LONG_Plan-de-travail-1.png","width":1241,"height":238,"caption":"Loisirs et sensations"},"image":{"@id":"https:\/\/www.loisirsetsensations.fr\/#\/schema\/logo\/image\/"},"sameAs":["https:\/\/fr-fr.facebook.com\/loisirsandsensations"]}]}},"_links":{"self":[{"href":"https:\/\/www.loisirsetsensations.fr\/index.php\/wp-json\/wp\/v2\/pages\/33","targetHints":{"allow":["GET"]}}],"collection":[{"href":"https:\/\/www.loisirsetsensations.fr\/index.php\/wp-json\/wp\/v2\/pages"}],"about":[{"href":"https:\/\/www.loisirsetsensations.fr\/index.php\/wp-json\/wp\/v2\/types\/page"}],"author":[{"embeddable":true,"href":"https:\/\/www.loisirsetsensations.fr\/index.php\/wp-json\/wp\/v2\/users\/3"}],"replies":[{"embeddable":true,"href":"https:\/\/www.loisirsetsensations.fr\/index.php\/wp-json\/wp\/v2\/comments?post=33"}],"version-history":[{"count":55,"href":"https:\/\/www.loisirsetsensations.fr\/index.php\/wp-json\/wp\/v2\/pages\/33\/revisions"}],"predecessor-version":[{"id":1338,"href":"https:\/\/www.loisirsetsensations.fr\/index.php\/wp-json\/wp\/v2\/pages\/33\/revisions\/1338"}],"wp:attachment":[{"href":"https:\/\/www.loisirsetsensations.fr\/index.php\/wp-json\/wp\/v2\/media?parent=33"}],"curies":[{"name":"wp","href":"https:\/\/api.w.org\/{rel}","templated":true}]}}